{"id":601,"date":"2025-10-28T11:35:02","date_gmt":"2025-10-28T10:35:02","guid":{"rendered":"https:\/\/www.jug-viskanic.com\/protezione-dei-dati\/"},"modified":"2025-10-28T11:35:04","modified_gmt":"2025-10-28T10:35:04","slug":"protezione-dei-dati","status":"publish","type":"page","link":"https:\/\/www.jug-viskanic.com\/it\/protezione-dei-dati\/","title":{"rendered":"Protezione dei Dati"},"content":{"rendered":"<p>[et_pb_section fb_built=&#8221;1&#8243; admin_label=&#8221;section&#8221; _builder_version=&#8221;4.16&#8243; global_colors_info=&#8221;{}&#8221;][et_pb_row admin_label=&#8221;row&#8221; _builder_version=&#8221;4.16&#8243; background_size=&#8221;initial&#8221; background_position=&#8221;top_left&#8221; background_repeat=&#8221;repeat&#8221; global_colors_info=&#8221;{}&#8221;][et_pb_column type=&#8221;4_4&#8243; _builder_version=&#8221;4.16&#8243; custom_padding=&#8221;|||&#8221; global_colors_info=&#8221;{}&#8221; custom_padding__hover=&#8221;|||&#8221;][et_pb_text admin_label=&#8221;Text&#8221; _builder_version=&#8221;4.16&#8243; background_size=&#8221;initial&#8221; background_position=&#8221;top_left&#8221; background_repeat=&#8221;repeat&#8221; global_colors_info=&#8221;{}&#8221;]<\/p>\n<div class=\"entry-content\">\n<h1>Protezione dei Dati<\/h1>\n<h3>Raccolta e Utilizzo dei Dati Personali<\/h3>\n<p>I dati personali inseriti dai visitatori durante la registrazione, l\u2019invio o la richiesta di informazioni tramite il modulo di contatto su questo sito web, inviando un\u2019email a <a href=\"mailto:ordinacija@jug-viskanic.com\">ordinacija@jug-viskanic.com<\/a> o consegnandoli allo studio dentistico Dalia Jug Vi\u0161kani\u0107 per posta all\u2019indirizzo: <strong>Studio dentistico Dalia Jug Vi\u0161kani\u0107<\/strong>, Janka Poli\u0107 Kamova 49, 51000 Rijeka, vengono utilizzati esclusivamente per la futura comunicazione tra <strong>lo<\/strong> <strong>studio dentistico Dalia Jug Vi\u0161kani\u0107<\/strong> e la persona che ha inviato la richiesta, in relazione all\u2019oggetto della registrazione o della richiesta stessa.<\/p>\n<p>L\u2019invio dei dati personali \u00e8 volontario e rappresenta il consenso del mittente all\u2019utilizzo degli stessi ai fini della comunicazione tra <strong>lo studio dentistico Dalia Jug Vi\u0161kani\u0107<\/strong> e il mittente, in relazione alla risoluzione della richiesta o della registrazione.<\/p>\n<p>I dati sono conservati nel database dello <strong>studio dentistico Dalia Jug Vi\u0161kani\u0107<\/strong> e sono pienamente protetti in conformit\u00e0 al Regolamento Generale sulla Protezione dei Dati [GDPR (UE) 2016\/679].<br \/><strong>Lo studio dentistico Dalia Jug Vi\u0161kani\u0107<\/strong> non divulgher\u00e0 i dati personali a terzi, salvo obbligo di legge.<br \/><strong>Lo studio dentistico Dalia Jug Vi\u0161kani\u0107<\/strong> ha adottato misure fisiche, tecniche e organizzative per prevenire violazioni dei dati personali, come perdita, danneggiamento, accesso non autorizzato, modifica o trattamento illecito. Sono state introdotte misure di sicurezza per impedire l\u2019accesso non autorizzato al trattamento dei dati personali e per garantire la sicurezza dei dati personali memorizzati o trasmessi, in modo che non possano essere letti, copiati, modificati, persi o distrutti senza autorizzazione. <strong>Lo studio dentistico Dalia Jug Vi\u0161kani\u0107<\/strong> conserva i dati personali solo per il tempo strettamente necessario. <\/p>\n<p>L\u2019interessato ha il diritto di richiedere allo <strong>studio dentistico Dalia Jug Vi\u0161kani\u0107<\/strong> l\u2019accesso, la rettifica o la cancellazione dei propri dati personali, nonch\u00e9 il diritto di limitare il trattamento, opporsi al trattamento e richiedere la portabilit\u00e0 dei dati, tutto in conformit\u00e0 al Regolamento Generale sulla Protezione dei Dati [GDPR (UE) 2016\/679].<\/p>\n<p>Le richieste relative all\u2019esercizio di tali diritti devono essere inviate a: <a href=\"mailto:ordinacija@jug-viskanic.com\">ordinacija@jug-viskanic.com<\/a><br \/><strong>Lo studio dentistico Dalia Jug Vi\u0161kani\u0107<\/strong> si riserva il diritto di utilizzare i cookie sul proprio sito web.<\/p>\n<p>Un cookie \u00e8 un\u2019informazione che un sito web memorizza sul computer del visitatore. I cookie sul sito memorizzano le preferenze relative all\u2019esperienza del singolo visitatore, come la lingua preferita o l\u2019indirizzo. Quando si accede nuovamente allo stesso sito, il browser invia i dati dei cookie appartenenti a quel sito. I siti web che utilizzano cookie non possono accedere ad altre informazioni o file presenti sul computer del visitatore.   <\/p>\n<p>Il visitatore pu\u00f2 disattivare o cancellare autonomamente i cookie dal proprio computer. Le impostazioni dei cookie possono essere controllate e configurate nelle impostazioni del browser. <\/p>\n<p>Se una persona ritiene che i propri diritti relativi alla protezione dei dati personali siano stati violati, pu\u00f2 presentare un reclamo all\u2019Agenzia Croata per la Protezione dei Dati Personali.<\/p>\n<\/div>\n<p>[\/et_pb_text][\/et_pb_column][\/et_pb_row][\/et_pb_section]<\/p>\n","protected":false},"excerpt":{"rendered":"<p>Protezione dei Dati Raccolta e Utilizzo dei Dati Personali I dati personali inseriti dai visitatori durante la registrazione, l\u2019invio o la richiesta di informazioni tramite il modulo di contatto su questo sito web, inviando un\u2019email a ordinacija@jug-viskanic.com o consegnandoli allo studio dentistico Dalia Jug Vi\u0161kani\u0107 per posta all\u2019indirizzo: Studio dentistico Dalia Jug Vi\u0161kani\u0107, Janka Poli\u0107 [&hellip;]<\/p>\n","protected":false},"author":2,"featured_media":0,"parent":0,"menu_order":0,"comment_status":"closed","ping_status":"closed","template":"","meta":{"_et_pb_use_builder":"on","_et_pb_old_content":"","_et_gb_content_width":"","inline_featured_image":false,"footnotes":""},"class_list":["post-601","page","type-page","status-publish","hentry"],"_links":{"self":[{"href":"https:\/\/www.jug-viskanic.com\/it\/wp-json\/wp\/v2\/pages\/601","targetHints":{"allow":["GET"]}}],"collection":[{"href":"https:\/\/www.jug-viskanic.com\/it\/wp-json\/wp\/v2\/pages"}],"about":[{"href":"https:\/\/www.jug-viskanic.com\/it\/wp-json\/wp\/v2\/types\/page"}],"author":[{"embeddable":true,"href":"https:\/\/www.jug-viskanic.com\/it\/wp-json\/wp\/v2\/users\/2"}],"replies":[{"embeddable":true,"href":"https:\/\/www.jug-viskanic.com\/it\/wp-json\/wp\/v2\/comments?post=601"}],"version-history":[{"count":2,"href":"https:\/\/www.jug-viskanic.com\/it\/wp-json\/wp\/v2\/pages\/601\/revisions"}],"predecessor-version":[{"id":603,"href":"https:\/\/www.jug-viskanic.com\/it\/wp-json\/wp\/v2\/pages\/601\/revisions\/603"}],"wp:attachment":[{"href":"https:\/\/www.jug-viskanic.com\/it\/wp-json\/wp\/v2\/media?parent=601"}],"curies":[{"name":"wp","href":"https:\/\/api.w.org\/{rel}","templated":true}]}}