{"id":353,"date":"2016-12-14T13:50:03","date_gmt":"2016-12-14T12:50:03","guid":{"rendered":"http:\/\/www.jug-viskanic.com\/web\/index.php\/usluge\/"},"modified":"2016-12-29T11:30:05","modified_gmt":"2016-12-29T10:30:05","slug":"servizi","status":"publish","type":"page","link":"https:\/\/www.jug-viskanic.com\/it\/servizi\/","title":{"rendered":"Servizi"},"content":{"rendered":"<p>[et_pb_section admin_label=&#8221;Section&#8221; fullwidth=&#8221;off&#8221; specialty=&#8221;off&#8221; background_image=&#8221;http:\/\/www.jug-viskanic.com\/web\/wp-content\/uploads\/2016\/12\/djv_slide_11.jpg&#8221; transparent_background=&#8221;off&#8221; allow_player_pause=&#8221;off&#8221; inner_shadow=&#8221;off&#8221; parallax=&#8221;on&#8221; parallax_method=&#8221;off&#8221; padding_mobile=&#8221;off&#8221; make_fullwidth=&#8221;off&#8221; use_custom_width=&#8221;off&#8221; width_unit=&#8221;on&#8221; make_equal=&#8221;off&#8221; use_custom_gutter=&#8221;off&#8221;][et_pb_row admin_label=&#8221;Row&#8221; make_fullwidth=&#8221;on&#8221; use_custom_width=&#8221;off&#8221; width_unit=&#8221;on&#8221; use_custom_gutter=&#8221;on&#8221; padding_mobile=&#8221;off&#8221; allow_player_pause=&#8221;off&#8221; parallax=&#8221;off&#8221; parallax_method=&#8221;off&#8221; make_equal=&#8221;off&#8221; parallax_1=&#8221;off&#8221; parallax_method_1=&#8221;off&#8221; background_color_1=&#8221;rgba(255,255,255,0)&#8221; parallax_2=&#8221;off&#8221; parallax_method_2=&#8221;off&#8221; column_padding_mobile=&#8221;on&#8221; background_color=&#8221;rgba(145,118,159,0.5)&#8221; custom_margin=&#8221;250px||250px|&#8221; gutter_width=&#8221;0&#8243; custom_padding=&#8221;|0px||0px&#8221;][et_pb_column type=&#8221;4_4&#8243;][et_pb_text admin_label=&#8221;Servizi&#8221; background_layout=&#8221;dark&#8221; text_orientation=&#8221;center&#8221; use_border_color=&#8221;off&#8221; border_color=&#8221;#ffffff&#8221; border_style=&#8221;solid&#8221; header_font_size=&#8221;60&#8243; header_line_height=&#8221;1.4&#8243;]<\/p>\n<h1>Servizi<\/h1>\n<p>[\/et_pb_text][\/et_pb_column][\/et_pb_row][\/et_pb_section][et_pb_section admin_label=&#8221;Section&#8221; fullwidth=&#8221;off&#8221; specialty=&#8221;off&#8221; transparent_background=&#8221;off&#8221; allow_player_pause=&#8221;off&#8221; inner_shadow=&#8221;off&#8221; parallax=&#8221;off&#8221; parallax_method=&#8221;off&#8221; custom_padding=&#8221;0px||0px|&#8221; padding_mobile=&#8221;on&#8221; make_fullwidth=&#8221;off&#8221; use_custom_width=&#8221;off&#8221; width_unit=&#8221;on&#8221; make_equal=&#8221;off&#8221; use_custom_gutter=&#8221;off&#8221;][et_pb_row admin_label=&#8221;Row&#8221; make_fullwidth=&#8221;on&#8221; use_custom_width=&#8221;off&#8221; width_unit=&#8221;on&#8221; use_custom_gutter=&#8221;on&#8221; padding_mobile=&#8221;on&#8221; allow_player_pause=&#8221;off&#8221; parallax=&#8221;off&#8221; parallax_method=&#8221;off&#8221; make_equal=&#8221;on&#8221; parallax_1=&#8221;off&#8221; parallax_method_1=&#8221;off&#8221; parallax_2=&#8221;off&#8221; parallax_method_2=&#8221;off&#8221; parallax_3=&#8221;off&#8221; parallax_method_3=&#8221;off&#8221; column_padding_mobile=&#8221;on&#8221; gutter_width=&#8221;0&#8243; background_color_1=&#8221;rgba(145,118,159,0.05)&#8221; padding_top_1=&#8221;40px&#8221; padding_right_1=&#8221;40px&#8221; padding_bottom_1=&#8221;40px&#8221; padding_left_1=&#8221;40px&#8221; background_color_2=&#8221;rgba(145,118,159,0.1)&#8221; padding_top_2=&#8221;40px&#8221; padding_right_2=&#8221;40px&#8221; padding_bottom_2=&#8221;40px&#8221; padding_left_2=&#8221;40px&#8221; background_color_3=&#8221;rgba(145,118,159,0.05)&#8221; padding_top_3=&#8221;40px&#8221; padding_right_3=&#8221;40px&#8221; padding_bottom_3=&#8221;40px&#8221; padding_left_3=&#8221;40px&#8221; custom_padding=&#8221;0px||0px|&#8221; custom_margin=&#8221;0px||0px|&#8221;][et_pb_column type=&#8221;1_3&#8243;][et_pb_blurb admin_label=&#8221;SERVIZI&#8221; title=&#8221;SERVIZI&#8221; url_new_window=&#8221;off&#8221; use_icon=&#8221;on&#8221; font_icon=&#8221;%%171%%&#8221; icon_color=&#8221;#ffffff&#8221; use_circle=&#8221;on&#8221; circle_color=&#8221;#91769f&#8221; use_circle_border=&#8221;off&#8221; circle_border_color=&#8221;#91769f&#8221; icon_placement=&#8221;left&#8221; animation=&#8221;off&#8221; background_layout=&#8221;light&#8221; text_orientation=&#8221;left&#8221; use_icon_font_size=&#8221;off&#8221; use_border_color=&#8221;off&#8221; border_color=&#8221;#ffffff&#8221; border_style=&#8221;solid&#8221;]<\/p>\n<p>Il contratto con <strong>l\u2019 Ente per la salute pubblica (HZZO)<\/strong> permette a tutti i pazienti con assicurazione sanitaria un servizio a pi\u00f9 basso costo e prezzi pi\u00f9 convenienti.<\/p>\n<p>La <strong>ANESTESIA<\/strong> \u00e8, in caso il paziente la desidera, per tutti i tipi di interventi, gratuita.<\/p>\n<ul>\n<li><strong>IGIENE ORALE<\/strong><\/li>\n<li><strong>ELIMINAZIONE DEL TARTARO CON USO DI UN APPARECCHIO ULTRASONICO<\/strong><\/li>\n<li><strong>SABBIATURA AIRFLOW<\/strong> (sotto pressione disperde particelle piccolissime di gusto piacevole e fresco le quali rimuovono dalla superficie dei denti tutte le malattie e danno un aspetto splendente e bianco ai denti)<\/li>\n<li><strong>BRUNITURA<\/strong> con varie gomme e paste<\/li>\n<\/ul>\n<p>[\/et_pb_blurb][\/et_pb_column][et_pb_column type=&#8221;1_3&#8243;][et_pb_blurb admin_label=&#8221;STOMATOLOGIA PREVENTIVA&#8221; title=&#8221;STOMATOLOGIA PREVENTIVA&#8221; url_new_window=&#8221;off&#8221; use_icon=&#8221;on&#8221; font_icon=&#8221;%%171%%&#8221; icon_color=&#8221;#ffffff&#8221; use_circle=&#8221;on&#8221; circle_color=&#8221;#91769f&#8221; use_circle_border=&#8221;off&#8221; circle_border_color=&#8221;#91769f&#8221; icon_placement=&#8221;left&#8221; animation=&#8221;off&#8221; background_layout=&#8221;light&#8221; text_orientation=&#8221;left&#8221; use_icon_font_size=&#8221;off&#8221; use_border_color=&#8221;off&#8221; border_color=&#8221;#ffffff&#8221; border_style=&#8221;solid&#8221;]<\/p>\n<p>per il grande numero di pazienti bambini si fa speciale attenzione alla preservazione dei denti sani da eta pi\u00f9 piccole<\/p>\n<ul>\n<li><strong>APPLICAZIONE DI GC TOOTH MOUSSE PASTA<\/strong> per una mineralizzazione dei denti di latte<\/li>\n<li><strong>SIGILAZIONE DELLE FESSURE<\/strong> su denti definitivi giovani per la protezione dalla carie<\/li>\n<li>materiale <strong>FUJI VII<\/strong> per riempimenti per bambini specialmente addato a loro<\/li>\n<li>cooperazione con odontoiatra<\/li>\n<\/ul>\n<p>[\/et_pb_blurb][\/et_pb_column][et_pb_column type=&#8221;1_3&#8243;][et_pb_blurb admin_label=&#8221;STOMATOLOGIA CONSERVATRICE&#8221; title=&#8221;STOMATOLOGIA CONSERVATRICE&#8221; url_new_window=&#8221;off&#8221; use_icon=&#8221;on&#8221; font_icon=&#8221;%%171%%&#8221; icon_color=&#8221;#ffffff&#8221; use_circle=&#8221;on&#8221; circle_color=&#8221;#91769f&#8221; use_circle_border=&#8221;off&#8221; circle_border_color=&#8221;#91769f&#8221; icon_placement=&#8221;left&#8221; animation=&#8221;off&#8221; background_layout=&#8221;light&#8221; text_orientation=&#8221;left&#8221; use_icon_font_size=&#8221;off&#8221; use_border_color=&#8221;off&#8221; border_color=&#8221;#ffffff&#8221; border_style=&#8221;solid&#8221; custom_padding=&#8221;||0px|&#8221; custom_margin=&#8221;||10px|&#8221;]<\/p>\n<ul>\n<li><strong>RVG RADIOGRAFIA<\/strong><\/li>\n<li><strong>OTTURAZIONE IN COMPOSITO<\/strong><\/li>\n<li><strong>PERNI IN COMPOSITO<\/strong><\/li>\n<li><strong>ESTRAZIONE DEL DENTE<\/strong><\/li>\n<li><strong>ENDODONZIA<\/strong> (cura canalare fatta combinando la tecnica manuale e quella con apparecchio, con un misuramento della lunghezza del canale con l\u2019 aiuto di un apparecchio, RVG controllo, lavaggio con il apparecchio rinse endo, riempimenti touch and heat ed ultrafil con liquida gutta-perca)<\/li>\n<\/ul>\n<p><strong>PARODONTOLOGIA *VECTOR<\/strong> apparecchio per pulizia delle gengive attaccate da paradontosi<\/p>\n<p>[\/et_pb_blurb][et_pb_button admin_label=&#8221;Button&#8221; url_new_window=&#8221;off&#8221; button_text=&#8221;Vector&#8221; button_alignment=&#8221;right&#8221; background_layout=&#8221;light&#8221; custom_button=&#8221;off&#8221; button_border_width=&#8221;0&#8243; button_letter_spacing=&#8221;0&#8243; button_use_icon=&#8221;default&#8221; button_icon_placement=&#8221;right&#8221; button_on_hover=&#8221;on&#8221; button_letter_spacing_hover=&#8221;0&#8243; button_url=&#8221;http:\/\/www.jug-viskanic.com\/it\/tecnologia#vector&#8221;]<\/p>\n<p>[\/et_pb_button][\/et_pb_column][\/et_pb_row][\/et_pb_section][et_pb_section admin_label=&#8221;Section&#8221; fullwidth=&#8221;off&#8221; specialty=&#8221;off&#8221; background_image=&#8221;http:\/\/www.jug-viskanic.com\/web\/wp-content\/uploads\/2016\/12\/djv_slide_10.jpg&#8221; transparent_background=&#8221;off&#8221; allow_player_pause=&#8221;off&#8221; inner_shadow=&#8221;off&#8221; parallax=&#8221;on&#8221; parallax_method=&#8221;off&#8221; padding_mobile=&#8221;off&#8221; make_fullwidth=&#8221;off&#8221; use_custom_width=&#8221;off&#8221; width_unit=&#8221;on&#8221; make_equal=&#8221;off&#8221; use_custom_gutter=&#8221;off&#8221;][et_pb_row admin_label=&#8221;Row&#8221; make_fullwidth=&#8221;on&#8221; use_custom_width=&#8221;off&#8221; width_unit=&#8221;on&#8221; use_custom_gutter=&#8221;on&#8221; padding_mobile=&#8221;off&#8221; allow_player_pause=&#8221;off&#8221; parallax=&#8221;off&#8221; parallax_method=&#8221;off&#8221; make_equal=&#8221;off&#8221; parallax_1=&#8221;off&#8221; parallax_method_1=&#8221;off&#8221; background_color_1=&#8221;rgba(255,255,255,0)&#8221; parallax_2=&#8221;off&#8221; parallax_method_2=&#8221;off&#8221; column_padding_mobile=&#8221;on&#8221; custom_margin=&#8221;150px||150px|&#8221; gutter_width=&#8221;0&#8243; custom_padding=&#8221;|0px||0px&#8221; parallax_3=&#8221;off&#8221; parallax_method_3=&#8221;off&#8221; parallax_4=&#8221;off&#8221; parallax_method_4=&#8221;off&#8221;][et_pb_column type=&#8221;4_4&#8243;][\/et_pb_column][\/et_pb_row][\/et_pb_section][et_pb_section admin_label=&#8221;Section&#8221; fullwidth=&#8221;off&#8221; specialty=&#8221;off&#8221; transparent_background=&#8221;off&#8221; allow_player_pause=&#8221;off&#8221; inner_shadow=&#8221;off&#8221; parallax=&#8221;off&#8221; parallax_method=&#8221;off&#8221; custom_padding=&#8221;0px||0px|&#8221; padding_mobile=&#8221;on&#8221; make_fullwidth=&#8221;off&#8221; use_custom_width=&#8221;off&#8221; width_unit=&#8221;on&#8221; make_equal=&#8221;off&#8221; use_custom_gutter=&#8221;off&#8221;][et_pb_row admin_label=&#8221;Row&#8221; make_fullwidth=&#8221;on&#8221; use_custom_width=&#8221;off&#8221; width_unit=&#8221;on&#8221; use_custom_gutter=&#8221;on&#8221; padding_mobile=&#8221;on&#8221; allow_player_pause=&#8221;off&#8221; parallax=&#8221;off&#8221; parallax_method=&#8221;off&#8221; make_equal=&#8221;on&#8221; parallax_1=&#8221;off&#8221; parallax_method_1=&#8221;off&#8221; parallax_2=&#8221;off&#8221; parallax_method_2=&#8221;off&#8221; parallax_3=&#8221;off&#8221; parallax_method_3=&#8221;off&#8221; column_padding_mobile=&#8221;on&#8221; gutter_width=&#8221;0&#8243; background_color_1=&#8221;rgba(145,118,159,0.05)&#8221; padding_top_1=&#8221;40px&#8221; padding_right_1=&#8221;40px&#8221; padding_bottom_1=&#8221;40px&#8221; padding_left_1=&#8221;40px&#8221; background_color_2=&#8221;rgba(145,118,159,0.1)&#8221; padding_top_2=&#8221;40px&#8221; padding_right_2=&#8221;40px&#8221; padding_bottom_2=&#8221;40px&#8221; padding_left_2=&#8221;40px&#8221; background_color_3=&#8221;rgba(145,118,159,0.05)&#8221; padding_top_3=&#8221;40px&#8221; padding_right_3=&#8221;40px&#8221; padding_bottom_3=&#8221;40px&#8221; padding_left_3=&#8221;40px&#8221; custom_padding=&#8221;0px||0px|&#8221; custom_margin=&#8221;0px||0px|&#8221; parallax_4=&#8221;off&#8221; parallax_method_4=&#8221;off&#8221; background_color_4=&#8221;rgba(145,118,159,0.1)&#8221; padding_top_4=&#8221;40px&#8221; padding_right_4=&#8221;40px&#8221; padding_bottom_4=&#8221;40px&#8221; padding_left_4=&#8221;40px&#8221;][et_pb_column type=&#8221;1_4&#8243;][et_pb_blurb admin_label=&#8221;PROTESI DENTARIE FISSA&#8221; title=&#8221;PROTESI DENTARIE FISSA&#8221; url_new_window=&#8221;off&#8221; use_icon=&#8221;on&#8221; font_icon=&#8221;%%171%%&#8221; icon_color=&#8221;#ffffff&#8221; use_circle=&#8221;on&#8221; circle_color=&#8221;#91769f&#8221; use_circle_border=&#8221;off&#8221; circle_border_color=&#8221;#91769f&#8221; icon_placement=&#8221;left&#8221; animation=&#8221;off&#8221; background_layout=&#8221;light&#8221; text_orientation=&#8221;left&#8221; use_icon_font_size=&#8221;off&#8221; use_border_color=&#8221;off&#8221; border_color=&#8221;#ffffff&#8221; border_style=&#8221;solid&#8221;]<\/p>\n<ul>\n<li><strong>METALLO \u2013 CERAMICA<\/strong> corone e ponti<\/li>\n<li><strong>EMPRESS<\/strong> pura ceramica senza metallo per corone estetiche<\/li>\n<li><strong>CERAMICA DI ZIRCONIO<\/strong> su una base di zirconio senza metallo ber sostituzioni estetiche<\/li>\n<li><strong>ORO &#8211; CERAMICA<\/strong><\/li>\n<li><strong>VEENERS<\/strong> faccette di ceramica estetiche<\/li>\n<\/ul>\n<p>[\/et_pb_blurb][\/et_pb_column][et_pb_column type=&#8221;1_4&#8243;][et_pb_blurb admin_label=&#8221;PROTESI DENTARIE MOBILE&#8221; title=&#8221;PROTESI DENTARIE MOBILE&#8221; url_new_window=&#8221;off&#8221; use_icon=&#8221;on&#8221; font_icon=&#8221;%%171%%&#8221; icon_color=&#8221;#ffffff&#8221; use_circle=&#8221;on&#8221; circle_color=&#8221;#91769f&#8221; use_circle_border=&#8221;off&#8221; circle_border_color=&#8221;#91769f&#8221; icon_placement=&#8221;left&#8221; animation=&#8221;off&#8221; background_layout=&#8221;light&#8221; text_orientation=&#8221;left&#8221; use_icon_font_size=&#8221;off&#8221; use_border_color=&#8221;off&#8221; border_color=&#8221;#ffffff&#8221; border_style=&#8221;solid&#8221;]<\/p>\n<ul>\n<li><strong>PROTESI TOTALI E PARZIALIVIRONIT<\/strong> protesi di metallo<\/li>\n<li><strong>ETE\u010cMENI<\/strong> ganci invisibili per il fissaggio della protesi<\/li>\n<li><strong>STECCHE<\/strong> per la protezione del dente dalla consumazione e per la terapia di problemi con la giunzione della mandibola<\/li>\n<\/ul>\n<p>[\/et_pb_blurb][\/et_pb_column][et_pb_column type=&#8221;1_4&#8243;][et_pb_blurb admin_label=&#8221;CHIRURGIA ORALE ED IMPLANTOLOGIA&#8221; title=&#8221;CHIRURGIA ORALE ED IMPLANTOLOGIA&#8221; url_new_window=&#8221;off&#8221; use_icon=&#8221;on&#8221; font_icon=&#8221;%%171%%&#8221; icon_color=&#8221;#ffffff&#8221; use_circle=&#8221;on&#8221; circle_color=&#8221;#91769f&#8221; use_circle_border=&#8221;off&#8221; circle_border_color=&#8221;#91769f&#8221; icon_placement=&#8221;left&#8221; animation=&#8221;off&#8221; background_layout=&#8221;light&#8221; text_orientation=&#8221;left&#8221; use_icon_font_size=&#8221;off&#8221; use_border_color=&#8221;off&#8221; border_color=&#8221;#ffffff&#8221; border_style=&#8221;solid&#8221;]<\/p>\n<ul>\n<li><strong>APICECTOMIA, CISTECTOMIA<\/strong><\/li>\n<li><strong>ESTRAZIONE DEL DENTE CHIRURGICA<\/strong><\/li>\n<li><strong>IMPIANTI<\/strong><\/li>\n<\/ul>\n<p>[\/et_pb_blurb][\/et_pb_column][et_pb_column type=&#8221;1_4&#8243;][et_pb_blurb admin_label=&#8221;STOMATOLOGIA ESTETICA&#8221; title=&#8221;STOMATOLOGIA ESTETICA&#8221; url_new_window=&#8221;off&#8221; use_icon=&#8221;on&#8221; font_icon=&#8221;%%171%%&#8221; icon_color=&#8221;#ffffff&#8221; use_circle=&#8221;on&#8221; circle_color=&#8221;#91769f&#8221; use_circle_border=&#8221;off&#8221; circle_border_color=&#8221;#91769f&#8221; icon_placement=&#8221;left&#8221; animation=&#8221;off&#8221; background_layout=&#8221;light&#8221; text_orientation=&#8221;left&#8221; use_icon_font_size=&#8221;off&#8221; use_border_color=&#8221;off&#8221; border_color=&#8221;#ffffff&#8221; border_style=&#8221;solid&#8221;]<\/p>\n<ul>\n<li><strong>RIEMPIMENTI ESTETICI<\/strong><\/li>\n<li><strong>SBIANCAMENTO DEI DENTI<\/strong><\/li>\n<li><strong>GIOIELLI PER DENTI<\/strong><\/li>\n<li><strong>FACCETTE E CORONE ESTETICHE<\/strong><\/li>\n<\/ul>\n<p>[\/et_pb_blurb][\/et_pb_column][\/et_pb_row][\/et_pb_section][et_pb_section admin_label=&#8221;Section&#8221; fullwidth=&#8221;off&#8221; specialty=&#8221;off&#8221; background_image=&#8221;http:\/\/www.jug-viskanic.com\/web\/wp-content\/uploads\/2016\/12\/djv_slide_07.jpg&#8221; transparent_background=&#8221;off&#8221; allow_player_pause=&#8221;off&#8221; inner_shadow=&#8221;off&#8221; parallax=&#8221;on&#8221; parallax_method=&#8221;off&#8221; padding_mobile=&#8221;off&#8221; make_fullwidth=&#8221;off&#8221; use_custom_width=&#8221;off&#8221; width_unit=&#8221;on&#8221; make_equal=&#8221;off&#8221; use_custom_gutter=&#8221;off&#8221;][et_pb_row admin_label=&#8221;Row&#8221; make_fullwidth=&#8221;on&#8221; use_custom_width=&#8221;off&#8221; width_unit=&#8221;on&#8221; use_custom_gutter=&#8221;on&#8221; padding_mobile=&#8221;off&#8221; allow_player_pause=&#8221;off&#8221; parallax=&#8221;off&#8221; parallax_method=&#8221;off&#8221; make_equal=&#8221;off&#8221; parallax_1=&#8221;off&#8221; parallax_method_1=&#8221;off&#8221; background_color_1=&#8221;rgba(255,255,255,0)&#8221; parallax_2=&#8221;off&#8221; parallax_method_2=&#8221;off&#8221; column_padding_mobile=&#8221;on&#8221; background_color=&#8221;rgba(145,118,159,0.5)&#8221; custom_margin=&#8221;250px||250px|&#8221; gutter_width=&#8221;0&#8243; custom_padding=&#8221;|0px||0px&#8221;][et_pb_column type=&#8221;4_4&#8243;][et_pb_text admin_label=&#8221;Usluge&#8221; background_layout=&#8221;dark&#8221; text_orientation=&#8221;center&#8221; use_border_color=&#8221;off&#8221; border_color=&#8221;#ffffff&#8221; border_style=&#8221;solid&#8221; header_font_size=&#8221;60&#8243; header_line_height=&#8221;1.4&#8243;]<\/p>\n<p><a name=\"parodontite\"><\/p>\n<h1>Paradontosi E Vector<\/h1>\n<p><\/a><\/p>\n<p>[\/et_pb_text][\/et_pb_column][\/et_pb_row][\/et_pb_section][et_pb_section admin_label=&#8221;Section&#8221; fullwidth=&#8221;off&#8221; specialty=&#8221;off&#8221;][et_pb_row admin_label=&#8221;Row&#8221;][et_pb_column type=&#8221;1_2&#8243;][et_pb_text admin_label=&#8221;Text&#8221; background_layout=&#8221;light&#8221; text_orientation=&#8221;left&#8221; use_border_color=&#8221;off&#8221; border_color=&#8221;#ffffff&#8221; border_style=&#8221;solid&#8221;]<\/p>\n<p>Con il tempo nel mondo, perci\u00f2 anche da noi si nota un calo nella apparizione della carie e malattie dei denti come conseguenza della consapevolezza delle abitudini di igiene e della prevenzione. Per\u00f2, sonno in crescita le malattie delle gengive per causa dell\u2019 immunit\u00e0 che peggiora, mala alimentazione ed un tipo di vita sotto stress.<\/p>\n<p>La malattia piu frequente tra loro \u00e8 la parodontite. Qui si parla di una malattia cronica delle gengive che porta all\u2019 infiammazione delle strutture che mantengono il dente nel tessuto osseo. La conseguenza \u00e8 il spezzamento dei fili colleganti, ritiro delle gengive e diminuzione del livello osseo su quale \u00e8 ancorato il dente. Si formano le cossidette tasche parodontali, spazi tra il dente e le gengive accompagnati da sanguinazione ed un alito pesante.<\/p>\n<p>Nelle fasi finali avviene il dondolamento, ma anche la caduta del \u201cdente sano\u201d. Sfortunatamente una medicina per la cura totale non esiste, e ne anche si conosce la esatta causa della parodontite.<\/p>\n<p>Si parla di varie cause tra le cui sicuramente sul primo posto \u00e8 una inadeguata igiene orale, poi una tendenza genetica, stress e mala alimentazione, stati che portano alla carenza d\u2019 immunit\u00e0, il fumo, ma anche la presenza di alcuni bacteri. Anche altre malattie sistematiche dell organismo possono lasciare traccia sulle gengive.<\/p>\n<p>Quello che la stomatologia pu\u00f2 offrire oggi \u00e8 la possibilita di una cura continua del parodonte malato e cosi prevenire il proseguimento della malattia.<\/p>\n<p>E neccesario regolarmente (una volta ogni 6 mesi) accuratamente rimuovere i tessuti dentali malati, brunire la radice del dente e cosi dare la possibilit\u00e0 alla gengiva sana di attaccarsi alla radice.<\/p>\n<p>[\/et_pb_text][\/et_pb_column][et_pb_column type=&#8221;1_2&#8243;][et_pb_text admin_label=&#8221;Text&#8221; background_layout=&#8221;light&#8221; text_orientation=&#8221;left&#8221; use_border_color=&#8221;off&#8221; border_color=&#8221;#ffffff&#8221; border_style=&#8221;solid&#8221;]<\/p>\n<p>Il metodo di terapia manuale si effettua con il aiuto di curette (piccoli strumenti) con le quali si raspa sotto anestesia obbligatoria. \u00c8 una procedura che dura a lungo e che si eseguische su quarti della mandibola (il caso piu frequente \u00e8 che si richiedono 4 sedute), molto sgradevole per il paziente e accompagnata da sanguinazione elevata, perci\u00f2 non si raccomanda ai pazienti con problemi di coagulazione.<\/p>\n<p>La novit\u00e0 nella terapia per la parodontite e sicuramente Vector, un macchinario apposito per la pulizia delle gengive malate completamente indolore, senza anestesia locale.<\/p>\n<p>Si parla di appositamente progettate estensioni (piccoli strumenti) che penetrano profondamente nelle tasche parodontali, e con le loro vibrazioni ultrasuono e superfici affilate accuratamente puliscono la placa pericolosa subgengivale (che non si pu\u00f2 vedere ad occhio nudo, e si deposita nei spazi delle tasche parodontali ed \u00e8 pericolosa perche aiuta la infiammazione nell\u2019 area).<\/p>\n<p>Vector pulisce anche la gengiva infiammata e nello stesso tempo disperde due tipi di paste per brunitura e lisciamento della superfice della radice. Prima del suddetto trattamento si rimuove accuratamente tutta la placa visibile, e la procedura non dura piu di un\u2019 ora.<\/p>\n<p>I risultati della terapia con questo apparecchio sono fantastici finche il paziente nel frattempo si mantiene alle regole della igiene orale, tipi specifici di spazzolini ed uso d\u2019 essi ed altri mezzi raccomandati dal dentista. Sono visibili subito dopo il trattamento, e il recupero della gengiva gi\u00e0 dopo 2 settimane.<\/p>\n<p>Un esempio di lavoro del Vector si pu\u00f2 vedere nella rubrica <strong><a href=\"http:\/\/www.jug-viskanic.com\/it\/tecnologia\">Tecnologia<\/a><\/strong>.<\/p>\n<p>[\/et_pb_text][\/et_pb_column][\/et_pb_row][\/et_pb_section]<\/p>\n","protected":false},"excerpt":{"rendered":"<p>Servizi Il contratto con l\u2019 Ente per la salute pubblica (HZZO) permette a tutti i pazienti con assicurazione sanitaria un servizio a pi\u00f9 basso costo e prezzi pi\u00f9 convenienti. La ANESTESIA \u00e8, in caso il paziente la desidera, per tutti i tipi di interventi, gratuita. IGIENE ORALE ELIMINAZIONE DEL TARTARO CON USO DI UN APPARECCHIO [&hellip;]<\/p>\n","protected":false},"author":2,"featured_media":0,"parent":0,"menu_order":0,"comment_status":"closed","ping_status":"closed","template":"","meta":{"_et_pb_use_builder":"on","_et_pb_old_content":"","_et_gb_content_width":"","inline_featured_image":false,"footnotes":""},"class_list":["post-353","page","type-page","status-publish","hentry"],"_links":{"self":[{"href":"https:\/\/www.jug-viskanic.com\/it\/wp-json\/wp\/v2\/pages\/353","targetHints":{"allow":["GET"]}}],"collection":[{"href":"https:\/\/www.jug-viskanic.com\/it\/wp-json\/wp\/v2\/pages"}],"about":[{"href":"https:\/\/www.jug-viskanic.com\/it\/wp-json\/wp\/v2\/types\/page"}],"author":[{"embeddable":true,"href":"https:\/\/www.jug-viskanic.com\/it\/wp-json\/wp\/v2\/users\/2"}],"replies":[{"embeddable":true,"href":"https:\/\/www.jug-viskanic.com\/it\/wp-json\/wp\/v2\/comments?post=353"}],"version-history":[{"count":7,"href":"https:\/\/www.jug-viskanic.com\/it\/wp-json\/wp\/v2\/pages\/353\/revisions"}],"predecessor-version":[{"id":425,"href":"https:\/\/www.jug-viskanic.com\/it\/wp-json\/wp\/v2\/pages\/353\/revisions\/425"}],"wp:attachment":[{"href":"https:\/\/www.jug-viskanic.com\/it\/wp-json\/wp\/v2\/media?parent=353"}],"curies":[{"name":"wp","href":"https:\/\/api.w.org\/{rel}","templated":true}]}}