{"id":345,"date":"2016-12-14T13:49:30","date_gmt":"2016-12-14T12:49:30","guid":{"rendered":"http:\/\/www.jug-viskanic.com\/web\/it\/index.php\/o-nama\/"},"modified":"2016-12-29T11:27:14","modified_gmt":"2016-12-29T10:27:14","slug":"su-di-noi","status":"publish","type":"page","link":"https:\/\/www.jug-viskanic.com\/it\/su-di-noi\/","title":{"rendered":"Su di noi"},"content":{"rendered":"<p>[et_pb_section admin_label=&#8221;Section&#8221; fullwidth=&#8221;off&#8221; specialty=&#8221;off&#8221; background_image=&#8221;http:\/\/www.jug-viskanic.com\/web\/wp-content\/uploads\/2016\/12\/djv_slide_01.jpg&#8221; transparent_background=&#8221;off&#8221; allow_player_pause=&#8221;off&#8221; inner_shadow=&#8221;off&#8221; parallax=&#8221;on&#8221; parallax_method=&#8221;off&#8221; padding_mobile=&#8221;off&#8221; make_fullwidth=&#8221;off&#8221; use_custom_width=&#8221;off&#8221; width_unit=&#8221;on&#8221; make_equal=&#8221;off&#8221; use_custom_gutter=&#8221;off&#8221;][et_pb_row admin_label=&#8221;Row&#8221; make_fullwidth=&#8221;off&#8221; use_custom_width=&#8221;off&#8221; width_unit=&#8221;on&#8221; use_custom_gutter=&#8221;off&#8221; padding_mobile=&#8221;off&#8221; allow_player_pause=&#8221;off&#8221; parallax=&#8221;off&#8221; parallax_method=&#8221;off&#8221; make_equal=&#8221;off&#8221; parallax_1=&#8221;off&#8221; parallax_method_1=&#8221;off&#8221; parallax_2=&#8221;off&#8221; parallax_method_2=&#8221;off&#8221; column_padding_mobile=&#8221;on&#8221; custom_margin=&#8221;50px||50px|&#8221; gutter_width=&#8221;2&#8243; padding_top_1=&#8221;30px&#8221; padding_right_1=&#8221;30px&#8221; padding_bottom_1=&#8221;30px&#8221; padding_left_1=&#8221;30px&#8221;][et_pb_column type=&#8221;1_2&#8243;][\/et_pb_column][et_pb_column type=&#8221;1_2&#8243;][et_pb_text admin_label=&#8221;Text&#8221; background_layout=&#8221;dark&#8221; text_orientation=&#8221;left&#8221; use_border_color=&#8221;off&#8221; border_color=&#8221;#ffffff&#8221; border_style=&#8221;solid&#8221; background_color=&#8221;rgba(145,118,159,0.8)&#8221; custom_padding=&#8221;30px|30px|30px|30px&#8221;]<\/p>\n<p>Il studio dentistico Jug svolge la sua attivit\u00e0 dall\u2019 anno <strong>1974<\/strong> che \u00e8 la prova migliore di una tradizione a lungo termine della qualit\u00e0 dei nostri servizi.<br \/>\nIl studio \u00e8 stato fondato dal <strong>dott. \u0110uro Jug<\/strong> ed \u00e8 stato il primo studio dentistico privato a <strong>Fiume<\/strong>, poi \u00e8 stato ereditato da sua figlia <strong>dott. Dalia Jug Vi\u0161kani\u0107<\/strong> nell\u2019 anno <strong>1999<\/strong>.<\/p>\n<p>[\/et_pb_text][\/et_pb_column][\/et_pb_row][\/et_pb_section][et_pb_section admin_label=&#8221;Section&#8221; fullwidth=&#8221;off&#8221; specialty=&#8221;off&#8221;][et_pb_row admin_label=&#8221;Row&#8221;][et_pb_column type=&#8221;1_3&#8243;][et_pb_blurb admin_label=&#8221;Blurb&#8221; url_new_window=&#8221;off&#8221; use_icon=&#8221;off&#8221; icon_color=&#8221;#91769f&#8221; use_circle=&#8221;off&#8221; circle_color=&#8221;#91769f&#8221; use_circle_border=&#8221;off&#8221; circle_border_color=&#8221;#91769f&#8221; image=&#8221;http:\/\/www.jug-viskanic.com\/web\/wp-content\/uploads\/2016\/12\/djv_sedamdesete.jpg&#8221; icon_placement=&#8221;top&#8221; animation=&#8221;off&#8221; background_layout=&#8221;light&#8221; text_orientation=&#8221;center&#8221; use_icon_font_size=&#8221;off&#8221; use_border_color=&#8221;off&#8221; border_color=&#8221;#ffffff&#8221; border_style=&#8221;solid&#8221;]<\/p>\n<p>Ancora dai anni settanta&#8230;<\/p>\n<p>[\/et_pb_blurb][\/et_pb_column][et_pb_column type=&#8221;1_3&#8243;][et_pb_blurb admin_label=&#8221;Blurb&#8221; url_new_window=&#8221;off&#8221; use_icon=&#8221;off&#8221; icon_color=&#8221;#91769f&#8221; use_circle=&#8221;off&#8221; circle_color=&#8221;#91769f&#8221; use_circle_border=&#8221;off&#8221; circle_border_color=&#8221;#91769f&#8221; image=&#8221;http:\/\/www.jug-viskanic.com\/web\/wp-content\/uploads\/2016\/12\/djv_devedesete_02.jpg&#8221; icon_placement=&#8221;top&#8221; animation=&#8221;off&#8221; background_layout=&#8221;light&#8221; text_orientation=&#8221;center&#8221; use_icon_font_size=&#8221;off&#8221; use_border_color=&#8221;off&#8221; border_color=&#8221;#ffffff&#8221; border_style=&#8221;solid&#8221;]<\/p>\n<div id=\"content\">\n<div id=\"post-3\" class=\"post\">\n<div class=\"entry\">\n<div id=\"attachment_22\" class=\"wp-caption alignleft\">\n<p class=\"wp-caption-text\">E questi siamo noi all\u2019 inizio dei anni novanta&#8230;<\/p>\n<\/div>\n<\/div>\n<\/div>\n<\/div>\n<p>[\/et_pb_blurb][\/et_pb_column][et_pb_column type=&#8221;1_3&#8243;][et_pb_blurb admin_label=&#8221;Blurb&#8221; url_new_window=&#8221;off&#8221; use_icon=&#8221;off&#8221; icon_color=&#8221;#91769f&#8221; use_circle=&#8221;off&#8221; circle_color=&#8221;#91769f&#8221; use_circle_border=&#8221;off&#8221; circle_border_color=&#8221;#91769f&#8221; image=&#8221;http:\/\/www.jug-viskanic.com\/web\/wp-content\/uploads\/2016\/12\/djv_devedesete_01.jpg&#8221; icon_placement=&#8221;top&#8221; animation=&#8221;off&#8221; background_layout=&#8221;light&#8221; text_orientation=&#8221;center&#8221; use_icon_font_size=&#8221;off&#8221; use_border_color=&#8221;off&#8221; border_color=&#8221;#ffffff&#8221; border_style=&#8221;solid&#8221;]<\/p>\n<p>\u2026e come questo.<\/p>\n<p>[\/et_pb_blurb][\/et_pb_column][\/et_pb_row][\/et_pb_section][et_pb_section admin_label=&#8221;Section&#8221; fullwidth=&#8221;off&#8221; specialty=&#8221;off&#8221; background_image=&#8221;http:\/\/www.jug-viskanic.com\/web\/wp-content\/uploads\/2016\/12\/djv_slide_03.jpg&#8221; transparent_background=&#8221;off&#8221; allow_player_pause=&#8221;off&#8221; inner_shadow=&#8221;off&#8221; parallax=&#8221;on&#8221; parallax_method=&#8221;on&#8221; padding_mobile=&#8221;off&#8221; make_fullwidth=&#8221;off&#8221; use_custom_width=&#8221;off&#8221; width_unit=&#8221;on&#8221; make_equal=&#8221;off&#8221; use_custom_gutter=&#8221;off&#8221;][et_pb_row admin_label=&#8221;Row&#8221; make_fullwidth=&#8221;off&#8221; use_custom_width=&#8221;off&#8221; width_unit=&#8221;on&#8221; use_custom_gutter=&#8221;off&#8221; padding_mobile=&#8221;off&#8221; allow_player_pause=&#8221;off&#8221; parallax=&#8221;off&#8221; parallax_method=&#8221;off&#8221; make_equal=&#8221;off&#8221; parallax_1=&#8221;off&#8221; parallax_method_1=&#8221;off&#8221; parallax_2=&#8221;off&#8221; parallax_method_2=&#8221;off&#8221; column_padding_mobile=&#8221;on&#8221; custom_margin=&#8221;150px||50px|&#8221; gutter_width=&#8221;2&#8243; padding_top_1=&#8221;30px&#8221; padding_right_1=&#8221;30px&#8221; padding_bottom_1=&#8221;30px&#8221; padding_left_1=&#8221;30px&#8221;][et_pb_column type=&#8221;1_2&#8243;][et_pb_text admin_label=&#8221;Text&#8221; background_layout=&#8221;dark&#8221; text_orientation=&#8221;left&#8221; use_border_color=&#8221;off&#8221; border_color=&#8221;#ffffff&#8221; border_style=&#8221;solid&#8221; background_color=&#8221;rgba(145,118,159,0.8)&#8221; custom_padding=&#8221;30px|30px|30px|30px&#8221;]<\/p>\n<p>Oggi il studio ha il contratto con il <strong>HZZO (Ente per la salute pubblica)<\/strong> il quale sostiene i costi per una parte dei servizi. Il studio ha sotto impiego la <strong>dott. Anja Gazdik<\/strong> e l\u2019 <strong>assistente Vesna Mijanovi\u0107<\/strong>, e cura piu di <strong>3500<\/strong> pazienti.<\/p>\n<p>La cooperazione con specialisti di chirurgia orale ed odontologia permette al paziente di ricevere tutti i servizi al livello pi\u00f9 alto necessari tutto in un posto.<\/p>\n<p>[\/et_pb_text][\/et_pb_column][et_pb_column type=&#8221;1_2&#8243;][\/et_pb_column][\/et_pb_row][\/et_pb_section][et_pb_section admin_label=&#8221;Section&#8221; fullwidth=&#8221;off&#8221; specialty=&#8221;off&#8221;][et_pb_row admin_label=&#8221;Row&#8221; make_fullwidth=&#8221;off&#8221; use_custom_width=&#8221;off&#8221; width_unit=&#8221;on&#8221; use_custom_gutter=&#8221;off&#8221; padding_mobile=&#8221;off&#8221; allow_player_pause=&#8221;off&#8221; parallax=&#8221;off&#8221; parallax_method=&#8221;off&#8221; make_equal=&#8221;off&#8221; parallax_1=&#8221;off&#8221; parallax_method_1=&#8221;off&#8221; parallax_2=&#8221;off&#8221; parallax_method_2=&#8221;off&#8221; background_color_2=&#8221;#f2f2f2&#8243; column_padding_mobile=&#8221;on&#8221; padding_top_2=&#8221;10px&#8221; padding_right_2=&#8221;10px&#8221; padding_bottom_2=&#8221;10px&#8221; padding_left_2=&#8221;10px&#8221;][et_pb_column type=&#8221;1_2&#8243;][et_pb_text admin_label=&#8221;Text&#8221; background_layout=&#8221;light&#8221; text_orientation=&#8221;left&#8221; use_border_color=&#8221;off&#8221; border_color=&#8221;#ffffff&#8221; border_style=&#8221;solid&#8221;]<\/p>\n<p>La squadra del studio \u00e8 regolarmente presente ai corsi di miglioramento in Croazia e all\u2019 estero ed in questo modo tiene passo con le novit\u00e0 nella prassi dentistica, di che la migliore prova \u00e8 il allestimento del studio con la <strong><a href=\"http:\/\/www.jug-viskanic.com\/it\/tecnologia\/\">tecnologia<\/a><\/strong> pi\u00f9 moderna.<\/p>\n<p>[\/et_pb_text][\/et_pb_column][et_pb_column type=&#8221;1_2&#8243;][et_pb_image admin_label=&#8221;Image&#8221; src=&#8221;http:\/\/www.jug-viskanic.com\/web\/wp-content\/uploads\/2016\/12\/djv_slide_08.jpg&#8221; show_in_lightbox=&#8221;on&#8221; url_new_window=&#8221;off&#8221; use_overlay=&#8221;on&#8221; animation=&#8221;off&#8221; sticky=&#8221;on&#8221; align=&#8221;left&#8221; force_fullwidth=&#8221;off&#8221; always_center_on_mobile=&#8221;on&#8221; use_border_color=&#8221;off&#8221; border_color=&#8221;#ffffff&#8221; border_style=&#8221;solid&#8221;]<\/p>\n<p>[\/et_pb_image][et_pb_text admin_label=&#8221;Text&#8221; background_layout=&#8221;light&#8221; text_orientation=&#8221;center&#8221; use_border_color=&#8221;off&#8221; border_color=&#8221;#ffffff&#8221; border_style=&#8221;solid&#8221; custom_padding=&#8221;10px|||&#8221;]<\/p>\n<p>Sala d\u2019 aspetto gradevole dove sicuramente non dovrete attendere a lungo<\/p>\n<p>[\/et_pb_text][\/et_pb_column][\/et_pb_row][\/et_pb_section][et_pb_section admin_label=&#8221;Section&#8221; fullwidth=&#8221;off&#8221; specialty=&#8221;off&#8221; background_image=&#8221;http:\/\/www.jug-viskanic.com\/web\/wp-content\/uploads\/2016\/12\/djv_slide_09.jpg&#8221; transparent_background=&#8221;off&#8221; allow_player_pause=&#8221;off&#8221; inner_shadow=&#8221;off&#8221; parallax=&#8221;on&#8221; parallax_method=&#8221;off&#8221; padding_mobile=&#8221;off&#8221; make_fullwidth=&#8221;off&#8221; use_custom_width=&#8221;off&#8221; width_unit=&#8221;on&#8221; make_equal=&#8221;off&#8221; use_custom_gutter=&#8221;off&#8221;][et_pb_row admin_label=&#8221;Row&#8221; make_fullwidth=&#8221;off&#8221; use_custom_width=&#8221;off&#8221; width_unit=&#8221;on&#8221; use_custom_gutter=&#8221;off&#8221; padding_mobile=&#8221;off&#8221; allow_player_pause=&#8221;off&#8221; parallax=&#8221;off&#8221; parallax_method=&#8221;off&#8221; make_equal=&#8221;off&#8221; parallax_1=&#8221;off&#8221; parallax_method_1=&#8221;off&#8221; parallax_2=&#8221;off&#8221; parallax_method_2=&#8221;off&#8221; column_padding_mobile=&#8221;on&#8221; custom_margin=&#8221;150px||150px|&#8221; gutter_width=&#8221;2&#8243; padding_top_1=&#8221;30px&#8221; padding_right_1=&#8221;30px&#8221; padding_bottom_1=&#8221;30px&#8221; padding_left_1=&#8221;30px&#8221;][et_pb_column type=&#8221;1_2&#8243;][\/et_pb_column][et_pb_column type=&#8221;1_2&#8243;][\/et_pb_column][\/et_pb_row][\/et_pb_section][et_pb_section admin_label=&#8221;Section&#8221; fullwidth=&#8221;off&#8221; specialty=&#8221;off&#8221;][et_pb_row admin_label=&#8221;Row&#8221;][et_pb_column type=&#8221;4_4&#8243;][et_pb_gallery admin_label=&#8221;Gallery&#8221; gallery_ids=&#8221;269,270,274,275,276,277,278,279,280,281,282,283,284,285&#8243; fullwidth=&#8221;off&#8221; posts_number=&#8221;12&#8243; show_title_and_caption=&#8221;off&#8221; show_pagination=&#8221;off&#8221; background_layout=&#8221;light&#8221; auto=&#8221;off&#8221; hover_overlay_color=&#8221;rgba(255,255,255,0.9)&#8221; caption_all_caps=&#8221;off&#8221; use_border_color=&#8221;off&#8221; border_color=&#8221;#ffffff&#8221; border_style=&#8221;solid&#8221;]<\/p>\n<p>[\/et_pb_gallery][\/et_pb_column][\/et_pb_row][\/et_pb_section]<\/p>\n","protected":false},"excerpt":{"rendered":"<p>Il studio dentistico Jug svolge la sua attivit\u00e0 dall\u2019 anno 1974 che \u00e8 la prova migliore di una tradizione a lungo termine della qualit\u00e0 dei nostri servizi. Il studio \u00e8 stato fondato dal dott. \u0110uro Jug ed \u00e8 stato il primo studio dentistico privato a Fiume, poi \u00e8 stato ereditato da sua figlia dott. Dalia [&hellip;]<\/p>\n","protected":false},"author":2,"featured_media":0,"parent":0,"menu_order":0,"comment_status":"closed","ping_status":"closed","template":"","meta":{"_et_pb_use_builder":"on","_et_pb_old_content":"","_et_gb_content_width":"","inline_featured_image":false,"footnotes":""},"class_list":["post-345","page","type-page","status-publish","hentry"],"_links":{"self":[{"href":"https:\/\/www.jug-viskanic.com\/it\/wp-json\/wp\/v2\/pages\/345","targetHints":{"allow":["GET"]}}],"collection":[{"href":"https:\/\/www.jug-viskanic.com\/it\/wp-json\/wp\/v2\/pages"}],"about":[{"href":"https:\/\/www.jug-viskanic.com\/it\/wp-json\/wp\/v2\/types\/page"}],"author":[{"embeddable":true,"href":"https:\/\/www.jug-viskanic.com\/it\/wp-json\/wp\/v2\/users\/2"}],"replies":[{"embeddable":true,"href":"https:\/\/www.jug-viskanic.com\/it\/wp-json\/wp\/v2\/comments?post=345"}],"version-history":[{"count":4,"href":"https:\/\/www.jug-viskanic.com\/it\/wp-json\/wp\/v2\/pages\/345\/revisions"}],"predecessor-version":[{"id":423,"href":"https:\/\/www.jug-viskanic.com\/it\/wp-json\/wp\/v2\/pages\/345\/revisions\/423"}],"wp:attachment":[{"href":"https:\/\/www.jug-viskanic.com\/it\/wp-json\/wp\/v2\/media?parent=345"}],"curies":[{"name":"wp","href":"https:\/\/api.w.org\/{rel}","templated":true}]}}