{"id":595,"date":"2025-10-28T11:25:56","date_gmt":"2025-10-28T10:25:56","guid":{"rendered":"https:\/\/www.jug-viskanic.com\/data-protection\/"},"modified":"2025-10-28T11:26:04","modified_gmt":"2025-10-28T10:26:04","slug":"data-protection","status":"publish","type":"page","link":"https:\/\/www.jug-viskanic.com\/en\/data-protection\/","title":{"rendered":"Data Protection"},"content":{"rendered":"<p>[et_pb_section fb_built=&#8221;1&#8243; admin_label=&#8221;section&#8221; _builder_version=&#8221;4.16&#8243; global_colors_info=&#8221;{}&#8221;][et_pb_row admin_label=&#8221;row&#8221; _builder_version=&#8221;4.16&#8243; background_size=&#8221;initial&#8221; background_position=&#8221;top_left&#8221; background_repeat=&#8221;repeat&#8221; global_colors_info=&#8221;{}&#8221;][et_pb_column type=&#8221;4_4&#8243; _builder_version=&#8221;4.16&#8243; custom_padding=&#8221;|||&#8221; global_colors_info=&#8221;{}&#8221; custom_padding__hover=&#8221;|||&#8221;][et_pb_text admin_label=&#8221;Text&#8221; _builder_version=&#8221;4.16&#8243; background_size=&#8221;initial&#8221; background_position=&#8221;top_left&#8221; background_repeat=&#8221;repeat&#8221; global_colors_info=&#8221;{}&#8221;]<\/p>\n<div class=\"entry-content\">\n<h1>Data Protection<\/h1>\n<h3>Collection and Use of Personal Data<\/h3>\n<p>Personal data entered by visitors when registering, submitting, or sending inquiries via the contact form on this website, by sending inquiries by email to <a href=\"mailto:ordinacija@jug-viskanic.com\">ordinacija@jug-viskanic.com<\/a>, or by delivering them to <strong>the dental practice Dalia Jug Vi\u0161kani\u0107<\/strong> by postal mail at the address: <strong>Dental Practice Dalia Jug Vi\u0161kani\u0107<\/strong>, Janka Poli\u0107 Kamova 49, 51000 Rijeka, are used exclusively for future communication between <strong>the dental practice Dalia Jug Vi\u0161kani\u0107<\/strong> and the person who submitted the inquiry, regarding the subject of the registration or inquiry.<\/p>\n<p>Providing personal data is voluntary and constitutes the sender\u2019s consent for such data to be used for the purpose of communication between <strong>the dental practice Dalia Jug Vi\u0161kani\u0107<\/strong> and the sender, in relation to resolving the matter of the inquiry or registration.<\/p>\n<p>The data are stored in the database of <strong>the dental practice Dalia Jug Vi\u0161kani\u0107<\/strong> and are fully protected in accordance with the General Data Protection Regulation [GDPR (EU) 2016\/679].<br \/><strong>The dental practice Dalia Jug Vi\u0161kani\u0107<\/strong> will not disclose personal data to third parties unless required by law.<br \/><strong>The dental practice Dalia Jug Vi\u0161kani\u0107<\/strong> has implemented physical, technical, and organizational measures to prevent personal data breaches such as loss, damage, unauthorized access, alteration, or processing. Security measures have been introduced to prevent unauthorized access to personal data processing and to preserve the security of personal data stored or transmitted, ensuring they cannot be read, copied, modified, lost, removed, or destroyed without authorization. <strong>The dental practice Dalia Jug Vi\u0161kani\u0107<\/strong> retains personal data only for as long as is strictly necessary. <\/p>\n<p>The data subject has the right to request from <strong>the dental practice Dalia Jug Vi\u0161kani\u0107<\/strong> access to, rectification, or erasure of personal data, as well as the right to restrict processing, to object to such processing, and the right to data portability, all in accordance with the General Data Protection Regulation [GDPR (EU) 2016\/679].<\/p>\n<p>Inquiries regarding the exercise of these rights should be sent to: <a href=\"mailto:ordinacija@jug-viskanic.com\">ordinacija@jug-viskanic.com<\/a><br \/><strong>The dental practice Dalia Jug Vi\u0161kani\u0107<\/strong> reserves the right to use cookies on its website.<\/p>\n<p>A cookie is information stored by a website on a visitor\u2019s computer. Cookies on the website store preferences related to the individual visitor\u2019s experience, such as preferred language or address. When the same website is accessed again, the browser sends back the cookie data belonging to that site. Websites that use cookies cannot access other information or files on the visitor\u2019s computer.   <\/p>\n<p>Visitors can independently disable or delete cookies on their own computers. Cookie settings can be controlled and configured in the browser settings. <\/p>\n<p>If individuals believe that their rights regarding personal data protection have been violated, they may file a complaint with the Croatian Personal Data Protection Agency.<\/p>\n<\/div>\n<p>[\/et_pb_text][\/et_pb_column][\/et_pb_row][\/et_pb_section]<\/p>\n","protected":false},"excerpt":{"rendered":"<p>Data Protection Collection and Use of Personal Data Personal data entered by visitors when registering, submitting, or sending inquiries via the contact form on this website, by sending inquiries by email to ordinacija@jug-viskanic.com, or by delivering them to the dental practice Dalia Jug Vi\u0161kani\u0107 by postal mail at the address: Dental Practice Dalia Jug Vi\u0161kani\u0107, [&hellip;]<\/p>\n","protected":false},"author":2,"featured_media":0,"parent":0,"menu_order":0,"comment_status":"closed","ping_status":"closed","template":"","meta":{"_et_pb_use_builder":"on","_et_pb_old_content":"","_et_gb_content_width":"","inline_featured_image":false,"footnotes":""},"class_list":["post-595","page","type-page","status-publish","hentry"],"_links":{"self":[{"href":"https:\/\/www.jug-viskanic.com\/en\/wp-json\/wp\/v2\/pages\/595","targetHints":{"allow":["GET"]}}],"collection":[{"href":"https:\/\/www.jug-viskanic.com\/en\/wp-json\/wp\/v2\/pages"}],"about":[{"href":"https:\/\/www.jug-viskanic.com\/en\/wp-json\/wp\/v2\/types\/page"}],"author":[{"embeddable":true,"href":"https:\/\/www.jug-viskanic.com\/en\/wp-json\/wp\/v2\/users\/2"}],"replies":[{"embeddable":true,"href":"https:\/\/www.jug-viskanic.com\/en\/wp-json\/wp\/v2\/comments?post=595"}],"version-history":[{"count":2,"href":"https:\/\/www.jug-viskanic.com\/en\/wp-json\/wp\/v2\/pages\/595\/revisions"}],"predecessor-version":[{"id":597,"href":"https:\/\/www.jug-viskanic.com\/en\/wp-json\/wp\/v2\/pages\/595\/revisions\/597"}],"wp:attachment":[{"href":"https:\/\/www.jug-viskanic.com\/en\/wp-json\/wp\/v2\/media?parent=595"}],"curies":[{"name":"wp","href":"https:\/\/api.w.org\/{rel}","templated":true}]}}