{"id":598,"date":"2025-10-28T11:30:46","date_gmt":"2025-10-28T10:30:46","guid":{"rendered":"https:\/\/www.jug-viskanic.com\/datenschutz\/"},"modified":"2025-10-28T11:30:47","modified_gmt":"2025-10-28T10:30:47","slug":"datenschutz","status":"publish","type":"page","link":"https:\/\/www.jug-viskanic.com\/de\/datenschutz\/","title":{"rendered":"Datenschutz"},"content":{"rendered":"<p>[et_pb_section fb_built=&#8221;1&#8243; admin_label=&#8221;section&#8221; _builder_version=&#8221;4.16&#8243; global_colors_info=&#8221;{}&#8221;][et_pb_row admin_label=&#8221;row&#8221; _builder_version=&#8221;4.16&#8243; background_size=&#8221;initial&#8221; background_position=&#8221;top_left&#8221; background_repeat=&#8221;repeat&#8221; global_colors_info=&#8221;{}&#8221;][et_pb_column type=&#8221;4_4&#8243; _builder_version=&#8221;4.16&#8243; custom_padding=&#8221;|||&#8221; global_colors_info=&#8221;{}&#8221; custom_padding__hover=&#8221;|||&#8221;][et_pb_text admin_label=&#8221;Text&#8221; _builder_version=&#8221;4.16&#8243; background_size=&#8221;initial&#8221; background_position=&#8221;top_left&#8221; background_repeat=&#8221;repeat&#8221; global_colors_info=&#8221;{}&#8221;]<\/p>\n<div class=\"entry-content\">\n<h1>Datenschutz<\/h1>\n<h3>Erhebung und Verwendung personenbezogener Daten<\/h3>\n<p>Personenbezogene Daten, die Besucher bei der Registrierung, beim Absenden oder Senden von Anfragen \u00fcber das Kontaktformular auf dieser Website, per E-Mail an <a href=\"mailto:ordinacija@jug-viskanic.com\">ordinacija@jug-viskanic.com<\/a> oder per Post an <strong>die Zahnarztpraxis Dalia Jug Vi\u0161kani\u0107<\/strong>, Janka Poli\u0107 Kamova 49, 51000 Rijeka, \u00fcbermitteln, werden ausschlie\u00dflich f\u00fcr die zuk\u00fcnftige Kommunikation zwischen <strong>der Zahnarztpraxis Dalia Jug Vi\u0161kani\u0107<\/strong> und der Person, die die Anfrage gesendet hat, im Zusammenhang mit dem Gegenstand der Registrierung oder Anfrage verwendet.<\/p>\n<p>Die \u00dcbermittlung personenbezogener Daten erfolgt freiwillig und stellt die Zustimmung des Absenders dar, dass diese Daten zur Kommunikation zwischen <strong>der Zahnarztpraxis Dalia Jug Vi\u0161kani\u0107<\/strong> und dem Absender im Zusammenhang mit der Bearbeitung der Anfrage oder Registrierung verwendet werden d\u00fcrfen.<\/p>\n<p>Die Daten werden in der Datenbank <strong>der Zahnarztpraxis Dalia Jug Vi\u0161kani\u0107<\/strong> gespeichert und vollst\u00e4ndig gem\u00e4\u00df der Datenschutz-Grundverordnung [DSGVO (EU) 2016\/679] gesch\u00fctzt.<br \/><strong>Die Zahnarztpraxis Dalia Jug Vi\u0161kani\u0107<\/strong> gibt personenbezogene Daten nicht an Dritte weiter, es sei denn, dies ist gesetzlich vorgeschrieben.<br \/><strong>Die Zahnarztpraxis Dalia Jug Vi\u0161kani\u0107<\/strong> hat physische, technische und organisatorische Ma\u00dfnahmen ergriffen, um Datenschutzverletzungen wie Verlust, Besch\u00e4digung, unbefugten Zugriff, \u00c4nderung oder Verarbeitung zu verhindern. Sicherheitsma\u00dfnahmen wurden eingef\u00fchrt, um den unbefugten Zugriff auf die Verarbeitung personenbezogener Daten zu verhindern und die Sicherheit der gespeicherten oder \u00fcbertragenen Daten zu gew\u00e4hrleisten, sodass sie nicht ohne Genehmigung gelesen, kopiert, ge\u00e4ndert, verloren, entfernt oder zerst\u00f6rt werden k\u00f6nnen. <strong>Die Zahnarztpraxis Dalia Jug Vi\u0161kani\u0107<\/strong> bewahrt personenbezogene Daten nur so lange auf, wie es unbedingt erforderlich ist. <\/p>\n<p>Die betroffene Person hat das Recht, von <strong>der Zahnarztpraxis Dalia Jug Vi\u0161kani\u0107<\/strong> Zugang zu personenbezogenen Daten, deren Berichtigung oder L\u00f6schung zu verlangen sowie das Recht auf Einschr\u00e4nkung der Verarbeitung, Widerspruch gegen die Verarbeitung und das Recht auf Daten\u00fcbertragbarkeit \u2013 alles im Einklang mit der Datenschutz-Grundverordnung [DSGVO (EU) 2016\/679].<\/p>\n<p>Anfragen zur Aus\u00fcbung dieser Rechte sind an folgende Adresse zu richten: <a href=\"mailto:ordinacija@jug-viskanic.com\">ordinacija@jug-viskanic.com<\/a><br \/><strong>Die Zahnarztpraxis Dalia Jug Vi\u0161kani\u0107<\/strong> beh\u00e4lt sich das Recht vor, Cookies auf ihrer Website zu verwenden.<\/p>\n<p>Ein Cookie ist eine Information, die eine Website auf dem Computer des Besuchers speichert. Cookies auf der Website speichern Einstellungen, die sich auf die Anpassung der Website an den einzelnen Besucher beziehen, wie z. B. bevorzugte Sprache oder Adresse. Wenn dieselbe Website erneut aufgerufen wird, sendet der Browser die zugeh\u00f6rigen Cookie-Daten zur\u00fcck. Websites, die Cookies verwenden, k\u00f6nnen nicht auf andere Informationen oder Dateien auf dem Computer des Besuchers zugreifen.   <\/p>\n<p>Der Besucher kann das Speichern von Cookies auf seinem Computer selbstst\u00e4ndig deaktivieren oder l\u00f6schen. Die Cookie-Einstellungen k\u00f6nnen im Internetbrowser kontrolliert und konfiguriert werden. <\/p>\n<p>Wenn Personen der Ansicht sind, dass ihre Rechte in Bezug auf den Datenschutz verletzt wurden, k\u00f6nnen sie eine Beschwerde bei der kroatischen Datenschutzagentur einreichen.<\/p>\n<\/div>\n<p>[\/et_pb_text][\/et_pb_column][\/et_pb_row][\/et_pb_section]<\/p>\n","protected":false},"excerpt":{"rendered":"<p>Datenschutz Erhebung und Verwendung personenbezogener Daten Personenbezogene Daten, die Besucher bei der Registrierung, beim Absenden oder Senden von Anfragen \u00fcber das Kontaktformular auf dieser Website, per E-Mail an ordinacija@jug-viskanic.com oder per Post an die Zahnarztpraxis Dalia Jug Vi\u0161kani\u0107, Janka Poli\u0107 Kamova 49, 51000 Rijeka, \u00fcbermitteln, werden ausschlie\u00dflich f\u00fcr die zuk\u00fcnftige Kommunikation zwischen der Zahnarztpraxis Dalia [&hellip;]<\/p>\n","protected":false},"author":2,"featured_media":0,"parent":0,"menu_order":0,"comment_status":"closed","ping_status":"closed","template":"","meta":{"_et_pb_use_builder":"on","_et_pb_old_content":"","_et_gb_content_width":"","inline_featured_image":false,"footnotes":""},"class_list":["post-598","page","type-page","status-publish","hentry"],"_links":{"self":[{"href":"https:\/\/www.jug-viskanic.com\/de\/wp-json\/wp\/v2\/pages\/598","targetHints":{"allow":["GET"]}}],"collection":[{"href":"https:\/\/www.jug-viskanic.com\/de\/wp-json\/wp\/v2\/pages"}],"about":[{"href":"https:\/\/www.jug-viskanic.com\/de\/wp-json\/wp\/v2\/types\/page"}],"author":[{"embeddable":true,"href":"https:\/\/www.jug-viskanic.com\/de\/wp-json\/wp\/v2\/users\/2"}],"replies":[{"embeddable":true,"href":"https:\/\/www.jug-viskanic.com\/de\/wp-json\/wp\/v2\/comments?post=598"}],"version-history":[{"count":2,"href":"https:\/\/www.jug-viskanic.com\/de\/wp-json\/wp\/v2\/pages\/598\/revisions"}],"predecessor-version":[{"id":600,"href":"https:\/\/www.jug-viskanic.com\/de\/wp-json\/wp\/v2\/pages\/598\/revisions\/600"}],"wp:attachment":[{"href":"https:\/\/www.jug-viskanic.com\/de\/wp-json\/wp\/v2\/media?parent=598"}],"curies":[{"name":"wp","href":"https:\/\/api.w.org\/{rel}","templated":true}]}}