{"id":372,"date":"2016-12-14T13:49:47","date_gmt":"2016-12-14T12:49:47","guid":{"rendered":"http:\/\/www.jug-viskanic.com\/web\/index.php\/tehnologija\/"},"modified":"2016-12-29T12:19:42","modified_gmt":"2016-12-29T11:19:42","slug":"die-technologie","status":"publish","type":"page","link":"https:\/\/www.jug-viskanic.com\/de\/die-technologie\/","title":{"rendered":"Die Technologie"},"content":{"rendered":"<p>[et_pb_section admin_label=&#8221;Section&#8221; fullwidth=&#8221;off&#8221; specialty=&#8221;off&#8221; background_image=&#8221;http:\/\/www.jug-viskanic.com\/web\/wp-content\/uploads\/2016\/12\/djv_slide_06.jpg&#8221; transparent_background=&#8221;off&#8221; allow_player_pause=&#8221;off&#8221; inner_shadow=&#8221;off&#8221; parallax=&#8221;on&#8221; parallax_method=&#8221;off&#8221; padding_mobile=&#8221;off&#8221; make_fullwidth=&#8221;off&#8221; use_custom_width=&#8221;off&#8221; width_unit=&#8221;on&#8221; make_equal=&#8221;off&#8221; use_custom_gutter=&#8221;off&#8221;][et_pb_row admin_label=&#8221;Row&#8221; make_fullwidth=&#8221;on&#8221; use_custom_width=&#8221;off&#8221; width_unit=&#8221;on&#8221; use_custom_gutter=&#8221;on&#8221; padding_mobile=&#8221;off&#8221; allow_player_pause=&#8221;off&#8221; parallax=&#8221;off&#8221; parallax_method=&#8221;off&#8221; make_equal=&#8221;off&#8221; parallax_1=&#8221;off&#8221; parallax_method_1=&#8221;off&#8221; background_color_1=&#8221;rgba(255,255,255,0)&#8221; parallax_2=&#8221;off&#8221; parallax_method_2=&#8221;off&#8221; column_padding_mobile=&#8221;on&#8221; background_color=&#8221;rgba(145,118,159,0.5)&#8221; custom_margin=&#8221;250px||250px|&#8221; gutter_width=&#8221;0&#8243; custom_padding=&#8221;|0px||0px&#8221;][et_pb_column type=&#8221;4_4&#8243;][et_pb_text admin_label=&#8221;Die Technologie&#8221; background_layout=&#8221;dark&#8221; text_orientation=&#8221;center&#8221; use_border_color=&#8221;off&#8221; border_color=&#8221;#ffffff&#8221; border_style=&#8221;solid&#8221; header_font_size=&#8221;60&#8243; header_line_height=&#8221;1.4&#8243;]<\/p>\n<h1>Die Technologie<\/h1>\n<p>[\/et_pb_text][\/et_pb_column][\/et_pb_row][\/et_pb_section][et_pb_section admin_label=&#8221;Section&#8221; fullwidth=&#8221;off&#8221; specialty=&#8221;off&#8221;][et_pb_row admin_label=&#8221;Row&#8221; make_fullwidth=&#8221;off&#8221; use_custom_width=&#8221;off&#8221; width_unit=&#8221;on&#8221; use_custom_gutter=&#8221;off&#8221; padding_mobile=&#8221;off&#8221; allow_player_pause=&#8221;off&#8221; parallax=&#8221;off&#8221; parallax_method=&#8221;off&#8221; make_equal=&#8221;on&#8221; parallax_1=&#8221;off&#8221; parallax_method_1=&#8221;off&#8221; parallax_2=&#8221;off&#8221; parallax_method_2=&#8221;off&#8221; parallax_3=&#8221;off&#8221; parallax_method_3=&#8221;off&#8221; column_padding_mobile=&#8221;on&#8221;][et_pb_column type=&#8221;1_3&#8243;][et_pb_blurb admin_label=&#8221;RVG APARAT&#8221; title=&#8221;RVG APARAT&#8221; url_new_window=&#8221;off&#8221; use_icon=&#8221;on&#8221; font_icon=&#8221;%%171%%&#8221; icon_color=&#8221;#ffffff&#8221; use_circle=&#8221;on&#8221; circle_color=&#8221;#91769f&#8221; use_circle_border=&#8221;off&#8221; circle_border_color=&#8221;#91769f&#8221; icon_placement=&#8221;left&#8221; animation=&#8221;off&#8221; background_layout=&#8221;light&#8221; text_orientation=&#8221;left&#8221; use_icon_font_size=&#8221;off&#8221; use_border_color=&#8221;off&#8221; border_color=&#8221;#ffffff&#8221; border_style=&#8221;solid&#8221;]<\/p>\n<p>Aufzeichnung der Z\u00e4hne mit 90% weniger Strahlung als X-Strahlen<\/p>\n<p>[\/et_pb_blurb][\/et_pb_column][et_pb_column type=&#8221;1_3&#8243;][et_pb_blurb admin_label=&#8221;INTRAORALE KAMERA&#8221; title=&#8221;INTRAORALE KAMERA&#8221; url_new_window=&#8221;off&#8221; use_icon=&#8221;on&#8221; font_icon=&#8221;%%171%%&#8221; icon_color=&#8221;#ffffff&#8221; use_circle=&#8221;on&#8221; circle_color=&#8221;#91769f&#8221; use_circle_border=&#8221;off&#8221; circle_border_color=&#8221;#91769f&#8221; icon_placement=&#8221;left&#8221; animation=&#8221;off&#8221; background_layout=&#8221;light&#8221; text_orientation=&#8221;left&#8221; use_icon_font_size=&#8221;off&#8221; use_border_color=&#8221;off&#8221; border_color=&#8221;#ffffff&#8221; border_style=&#8221;solid&#8221;]<\/p>\n<p>bietet eine detaillierte und vergr\u00f6\u00dferte Ansicht der Mundh\u00f6hle auf dem Computer-Bildschirm<\/p>\n<p>[\/et_pb_blurb][\/et_pb_column][et_pb_column type=&#8221;1_3&#8243;][et_pb_blurb admin_label=&#8221;VECTOR&#8221; title=&#8221;VECTOR&#8221; url_new_window=&#8221;off&#8221; use_icon=&#8221;on&#8221; font_icon=&#8221;%%171%%&#8221; icon_color=&#8221;#ffffff&#8221; use_circle=&#8221;on&#8221; circle_color=&#8221;#91769f&#8221; use_circle_border=&#8221;off&#8221; circle_border_color=&#8221;#91769f&#8221; icon_placement=&#8221;left&#8221; animation=&#8221;off&#8221; background_layout=&#8221;light&#8221; text_orientation=&#8221;left&#8221; use_icon_font_size=&#8221;off&#8221; use_border_color=&#8221;off&#8221; border_color=&#8221;#ffffff&#8221; border_style=&#8221;solid&#8221;]<\/p>\n<p>ein spezielles Ger\u00e4t f\u00fcr die Reinigung des kranken Zahnfleisches und Parodontose-Pr\u00e4vention<\/p>\n<p>[\/et_pb_blurb][\/et_pb_column][\/et_pb_row][et_pb_row admin_label=&#8221;Row&#8221; make_fullwidth=&#8221;off&#8221; use_custom_width=&#8221;off&#8221; width_unit=&#8221;on&#8221; use_custom_gutter=&#8221;off&#8221; padding_mobile=&#8221;off&#8221; allow_player_pause=&#8221;off&#8221; parallax=&#8221;off&#8221; parallax_method=&#8221;off&#8221; make_equal=&#8221;on&#8221; parallax_1=&#8221;off&#8221; parallax_method_1=&#8221;off&#8221; parallax_2=&#8221;off&#8221; parallax_method_2=&#8221;off&#8221; parallax_3=&#8221;off&#8221; parallax_method_3=&#8221;off&#8221; column_padding_mobile=&#8221;on&#8221;][et_pb_column type=&#8221;1_3&#8243;][et_pb_blurb admin_label=&#8221;AIRFLOW&#8221; title=&#8221;AIRFLOW&#8221; url_new_window=&#8221;off&#8221; use_icon=&#8221;on&#8221; font_icon=&#8221;%%171%%&#8221; icon_color=&#8221;#ffffff&#8221; use_circle=&#8221;on&#8221; circle_color=&#8221;#91769f&#8221; use_circle_border=&#8221;off&#8221; circle_border_color=&#8221;#91769f&#8221; icon_placement=&#8221;left&#8221; animation=&#8221;off&#8221; background_layout=&#8221;light&#8221; text_orientation=&#8221;left&#8221; use_icon_font_size=&#8221;off&#8221; use_border_color=&#8221;off&#8221; border_color=&#8221;#ffffff&#8221; border_style=&#8221;solid&#8221;]<\/p>\n<p>wirft kleine K\u00f6rner, die unter Druck stehen, aus, die angenehmen und frischen Geschmack haben. Sandstrahlen ist eine sehr feine Form der Oberfl\u00e4chenbehandlung. Man kann damit z.B. alte Lackschichten oder Oberfl\u00e4chenkorrosion entfernen.<\/p>\n<p>[\/et_pb_blurb][\/et_pb_column][et_pb_column type=&#8221;1_3&#8243;][et_pb_blurb admin_label=&#8221;MECHANISCHE EDODONTIE&#8221; title=&#8221;MECHANISCHE EDODONTIE&#8221; url_new_window=&#8221;off&#8221; use_icon=&#8221;on&#8221; font_icon=&#8221;%%171%%&#8221; icon_color=&#8221;#ffffff&#8221; use_circle=&#8221;on&#8221; circle_color=&#8221;#91769f&#8221; use_circle_border=&#8221;off&#8221; circle_border_color=&#8221;#91769f&#8221; icon_placement=&#8221;left&#8221; animation=&#8221;off&#8221; background_layout=&#8221;light&#8221; text_orientation=&#8221;left&#8221; use_icon_font_size=&#8221;off&#8221; use_border_color=&#8221;off&#8221; border_color=&#8221;#ffffff&#8221; border_style=&#8221;solid&#8221;]<\/p>\n<p>spezielles Ger\u00e4t f\u00fcr die Verarbeitung und die Festlegung der L\u00e4nge des Wurzelkanals<\/p>\n<p>[\/et_pb_blurb][\/et_pb_column][et_pb_column type=&#8221;1_3&#8243;][et_pb_blurb admin_label=&#8221;RINSE ENDO&#8221; title=&#8221;RINSE ENDO&#8221; url_new_window=&#8221;off&#8221; use_icon=&#8221;on&#8221; font_icon=&#8221;%%171%%&#8221; icon_color=&#8221;#ffffff&#8221; use_circle=&#8221;on&#8221; circle_color=&#8221;#91769f&#8221; use_circle_border=&#8221;off&#8221; circle_border_color=&#8221;#91769f&#8221; icon_placement=&#8221;left&#8221; animation=&#8221;off&#8221; background_layout=&#8221;light&#8221; text_orientation=&#8221;left&#8221; use_icon_font_size=&#8221;off&#8221; use_border_color=&#8221;off&#8221; border_color=&#8221;#ffffff&#8221; border_style=&#8221;solid&#8221;]<\/p>\n<p>Ger\u00e4t f\u00fcr die Sp\u00fclung und Desinfektion der Wurzelkan\u00e4le<\/p>\n<p>[\/et_pb_blurb][\/et_pb_column][\/et_pb_row][\/et_pb_section][et_pb_section admin_label=&#8221;Section&#8221; fullwidth=&#8221;off&#8221; specialty=&#8221;off&#8221; background_image=&#8221;http:\/\/www.jug-viskanic.com\/web\/wp-content\/uploads\/2016\/12\/djv_slide_05.jpg&#8221; transparent_background=&#8221;off&#8221; allow_player_pause=&#8221;off&#8221; inner_shadow=&#8221;off&#8221; parallax=&#8221;on&#8221; parallax_method=&#8221;off&#8221; padding_mobile=&#8221;off&#8221; make_fullwidth=&#8221;off&#8221; use_custom_width=&#8221;off&#8221; width_unit=&#8221;on&#8221; make_equal=&#8221;off&#8221; use_custom_gutter=&#8221;off&#8221;][et_pb_row admin_label=&#8221;Row&#8221; make_fullwidth=&#8221;on&#8221; use_custom_width=&#8221;off&#8221; width_unit=&#8221;on&#8221; use_custom_gutter=&#8221;on&#8221; padding_mobile=&#8221;off&#8221; allow_player_pause=&#8221;off&#8221; parallax=&#8221;off&#8221; parallax_method=&#8221;off&#8221; make_equal=&#8221;off&#8221; parallax_1=&#8221;off&#8221; parallax_method_1=&#8221;off&#8221; background_color_1=&#8221;rgba(255,255,255,0)&#8221; parallax_2=&#8221;off&#8221; parallax_method_2=&#8221;off&#8221; column_padding_mobile=&#8221;on&#8221; background_color=&#8221;rgba(145,118,159,0.5)&#8221; custom_margin=&#8221;250px||250px|&#8221; gutter_width=&#8221;0&#8243; custom_padding=&#8221;|0px||0px&#8221;][et_pb_column type=&#8221;4_4&#8243;][et_pb_text admin_label=&#8221;Vector&#8221; background_layout=&#8221;dark&#8221; text_orientation=&#8221;center&#8221; use_border_color=&#8221;off&#8221; border_color=&#8221;#ffffff&#8221; border_style=&#8221;solid&#8221; header_font_size=&#8221;60&#8243; header_line_height=&#8221;1.4&#8243;]<\/p>\n<p><a name=\"vector\"><\/p>\n<h1>Vector<\/h1>\n<p><\/a><\/p>\n<p>[\/et_pb_text][\/et_pb_column][\/et_pb_row][\/et_pb_section][et_pb_section admin_label=&#8221;Section&#8221; fullwidth=&#8221;off&#8221; specialty=&#8221;off&#8221;][et_pb_row admin_label=&#8221;Row&#8221;][et_pb_column type=&#8221;1_2&#8243;][et_pb_text admin_label=&#8221;Text&#8221; background_layout=&#8221;light&#8221; text_orientation=&#8221;left&#8221; use_border_color=&#8221;off&#8221; border_color=&#8221;#ffffff&#8221; border_style=&#8221;solid&#8221;]<\/p>\n<p>Die neue Parodontosebehandlung ist Vector, ein spezielles Ger\u00e4t f\u00fcr die Reinigung des kranken Zahnfleisches, das v\u00f6llig schmerz-frei ist, und ohne lokale An\u00e4sthesie.<\/p>\n<p>Manuelle-Therapie Methode wird mit Hilfe von K\u00fcrette (kleine Beine) gemacht, und mit denen kratzt man, weil der Patient unter An\u00e4sthesie steht. Dies ist ein langwieriges Verfahren, das ein Viertel der Kiefer verlangt (in der Regel erfordert man mindenstens 4 Besuche). Diese Therapie ist sehr unangenehm f\u00fcr die Patienten, die Probleme mit reichlichen Blutungen und Gerinngungen haben.<\/p>\n<p>[\/et_pb_text][\/et_pb_column][et_pb_column type=&#8221;1_2&#8243;][et_pb_text admin_label=&#8221;Text&#8221; background_layout=&#8221;light&#8221; text_orientation=&#8221;left&#8221; use_border_color=&#8221;off&#8221; border_color=&#8221;#ffffff&#8221; border_style=&#8221;solid&#8221;]<\/p>\n<p>Vector reinigt die kranke Gingiva und zur selben Zeit wirft zwei Arten von Pasten zum Polieren und Gl\u00e4tten der Zahnoberfl\u00e4che aus.<\/p>\n<p>Die Beseitigung aller sichtbaren (angef\u00e4rbten) Zahnbel\u00e4ge muss man vor der Durchf\u00fchrung des Verfahrens entfernen , und der Prozess dauert nicht l\u00e4nger als eine Stunde.<\/p>\n<p>Mit dieser Methode ist es tats\u00e4chlich m\u00f6glich dem engagierten Patienten, wenn er die Anweisungen des Zahnarztes befolgt, die Z\u00e4hne bis zum letzten Atemzug zu erhalten. Die Ergebnisse werden sofort nach der Behandlung, und die Gesundung der Gingiva nach 2 Wochen, sichtbar.<\/p>\n<p>[\/et_pb_text][\/et_pb_column][\/et_pb_row][\/et_pb_section][et_pb_section admin_label=&#8221;Section&#8221; fullwidth=&#8221;off&#8221; specialty=&#8221;off&#8221; transparent_background=&#8221;off&#8221; allow_player_pause=&#8221;off&#8221; inner_shadow=&#8221;on&#8221; parallax=&#8221;on&#8221; parallax_method=&#8221;off&#8221; padding_mobile=&#8221;off&#8221; make_fullwidth=&#8221;off&#8221; use_custom_width=&#8221;off&#8221; width_unit=&#8221;on&#8221; make_equal=&#8221;off&#8221; use_custom_gutter=&#8221;off&#8221; background_color=&#8221;#91769f&#8221;][et_pb_row admin_label=&#8221;Row&#8221; make_fullwidth=&#8221;off&#8221; use_custom_width=&#8221;off&#8221; width_unit=&#8221;on&#8221; use_custom_gutter=&#8221;off&#8221; padding_mobile=&#8221;off&#8221; allow_player_pause=&#8221;off&#8221; parallax=&#8221;off&#8221; parallax_method=&#8221;off&#8221; make_equal=&#8221;off&#8221; parallax_1=&#8221;off&#8221; parallax_method_1=&#8221;off&#8221; background_color_1=&#8221;#ffffff&#8221; padding_top_1=&#8221;10px&#8221; padding_right_1=&#8221;10px&#8221; padding_bottom_1=&#8221;10px&#8221; padding_left_1=&#8221;10px&#8221; parallax_2=&#8221;off&#8221; parallax_method_2=&#8221;off&#8221; background_color_2=&#8221;#ffffff&#8221; padding_top_2=&#8221;10px&#8221; padding_right_2=&#8221;10px&#8221; padding_bottom_2=&#8221;10px&#8221; padding_left_2=&#8221;10px&#8221; column_padding_mobile=&#8221;on&#8221; custom_css_main_1=&#8221;-webkit-box-shadow: 0 0 150px rgba(0, 0, 0, 0.7);||-moz-box-shadow: 0 0 150px rgba(0, 0, 0, 0.7);||box-shadow: 0 0 150px rgba(0, 0, 0, 0.7);&#8221; custom_css_main_2=&#8221;-webkit-box-shadow: 0 0 150px rgba(0, 0, 0, 0.7);||-moz-box-shadow: 0 0 150px rgba(0, 0, 0, 0.7);||box-shadow: 0 0 150px rgba(0, 0, 0, 0.7);&#8221;][et_pb_column type=&#8221;1_2&#8243;][et_pb_video admin_label=&#8221;Video&#8221; src=&#8221;http:\/\/www.jug-viskanic.com\/web\/wp-content\/uploads\/2016\/12\/vector_20sec.mp4&#8243; play_icon_color=&#8221;#ffffff&#8221; image_src=&#8221;http:\/\/www.jug-viskanic.com\/web\/wp-content\/uploads\/2016\/12\/djv_videoscreen20sec.jpg&#8221;]<\/p>\n<p>[\/et_pb_video][\/et_pb_column][et_pb_column type=&#8221;1_2&#8243;][et_pb_video admin_label=&#8221;Video&#8221; src=&#8221;http:\/\/www.jug-viskanic.com\/web\/wp-content\/uploads\/2016\/12\/vector_27sec.mp4&#8243; play_icon_color=&#8221;#ffffff&#8221; image_src=&#8221;http:\/\/www.jug-viskanic.com\/web\/wp-content\/uploads\/2016\/12\/djv_videoscreen27sec.jpg&#8221;]<\/p>\n<p>[\/et_pb_video][\/et_pb_column][\/et_pb_row][\/et_pb_section]<\/p>\n","protected":false},"excerpt":{"rendered":"<p>Die Technologie Aufzeichnung der Z\u00e4hne mit 90% weniger Strahlung als X-Strahlen bietet eine detaillierte und vergr\u00f6\u00dferte Ansicht der Mundh\u00f6hle auf dem Computer-Bildschirm ein spezielles Ger\u00e4t f\u00fcr die Reinigung des kranken Zahnfleisches und Parodontose-Pr\u00e4vention wirft kleine K\u00f6rner, die unter Druck stehen, aus, die angenehmen und frischen Geschmack haben. Sandstrahlen ist eine sehr feine Form der Oberfl\u00e4chenbehandlung. [&hellip;]<\/p>\n","protected":false},"author":2,"featured_media":0,"parent":0,"menu_order":0,"comment_status":"closed","ping_status":"closed","template":"","meta":{"_et_pb_use_builder":"on","_et_pb_old_content":"","_et_gb_content_width":"","inline_featured_image":false,"footnotes":""},"class_list":["post-372","page","type-page","status-publish","hentry"],"_links":{"self":[{"href":"https:\/\/www.jug-viskanic.com\/de\/wp-json\/wp\/v2\/pages\/372","targetHints":{"allow":["GET"]}}],"collection":[{"href":"https:\/\/www.jug-viskanic.com\/de\/wp-json\/wp\/v2\/pages"}],"about":[{"href":"https:\/\/www.jug-viskanic.com\/de\/wp-json\/wp\/v2\/types\/page"}],"author":[{"embeddable":true,"href":"https:\/\/www.jug-viskanic.com\/de\/wp-json\/wp\/v2\/users\/2"}],"replies":[{"embeddable":true,"href":"https:\/\/www.jug-viskanic.com\/de\/wp-json\/wp\/v2\/comments?post=372"}],"version-history":[{"count":4,"href":"https:\/\/www.jug-viskanic.com\/de\/wp-json\/wp\/v2\/pages\/372\/revisions"}],"predecessor-version":[{"id":434,"href":"https:\/\/www.jug-viskanic.com\/de\/wp-json\/wp\/v2\/pages\/372\/revisions\/434"}],"wp:attachment":[{"href":"https:\/\/www.jug-viskanic.com\/de\/wp-json\/wp\/v2\/media?parent=372"}],"curies":[{"name":"wp","href":"https:\/\/api.w.org\/{rel}","templated":true}]}}